{"id":8,"date":"2026-01-26T17:06:43","date_gmt":"2026-01-26T16:06:43","guid":{"rendered":"https:\/\/maisonmix.fr\/?page_id=8"},"modified":"2026-03-03T10:29:47","modified_gmt":"2026-03-03T09:29:47","slug":"le-marathon-creatif-de-lhabitat-durable","status":"publish","type":"page","link":"https:\/\/maisonmix.fr\/","title":{"rendered":"Deux jours de design collectif les 9 et 10 avril 2026"},"content":{"rendered":"\n<p class=\"has-medium-font-size\"><\/p>\n\n\n\n<p class=\"has-text-align-center has-white-color has-text-color has-link-color wp-elements-3c4fa3c5179e4d0288572099dc29443c\" style=\"font-size:28px\">Concevoir ensemble des solutions low-tech, reproductibles et ouvertes.<\/p>\n\n\n\n<p class=\"has-text-align-center has-white-color has-text-color has-link-color has-medium-font-size wp-elements-c355dce7b016b394938be2e3a72ea89f\">MaisonMix s\u2019adresse \u00e0 toutes celles et ceux qui souhaitent agir, tester et documenter. Cet \u00e9v\u00e8nement se concentre autour d&rsquo;une valeur forte : <strong>l&rsquo;open source<\/strong> pour constituer des communs et faciliter la reproduction des projets. C&rsquo;est pourquoi tous les projets seront <strong>document\u00e9s sous licence libre<\/strong>. Pendant deux jours, MaisonMix r\u00e9unit \u00e9tudiant.es, habitant.es, designers et ing\u00e9nieurs pour imaginer, fabriquer et documenter des solutions sobres pour l\u2019habitat. La diversit\u00e9 des profils fait la richesse du marathon.<\/p>\n\n\n\n<p class=\"has-text-align-center has-white-color has-text-color has-link-color has-large-font-size wp-elements-f5addb547e115c8c95b84a369651ee35\">La sobri\u00e9t\u00e9 devient un terrain de recherche collectif.<\/p>\n\n\n\n<h2 class=\"wp-block-heading has-text-align-left has-white-color has-text-color has-link-color has-medium-font-size wp-elements-498c04623f6ab24001e8771ab3d228fd\">6 ateliers de prototypage : <br>\/\/ <strong><strong>Explorer l\u2019autoconsommation<\/strong> de l\u2019\u00e9nergie photovolta\u00efque<\/strong><br>\/\/ <strong>Construire un chauffage solaire en ardoise<\/strong><br>\/\/ <strong>Adapter un s\u00e9choir \u00e0 aliment pour un balcon<\/strong><br>\/\/ <strong><strong>Concevoir un syst\u00e8me de refroidissement en terre crue<\/strong><\/strong> <br>\/\/ <strong><strong><strong>Transformer des textiles usag\u00e9s en mat\u00e9riau<\/strong><br><\/strong><\/strong>\/\/ <strong><strong>Prototyper des capteurs citoyens pour la qualit\u00e9 de l\u2019eau<\/strong><\/strong><\/h2>\n\n\n\n<figure class=\"wp-block-image size-large\"><img loading=\"lazy\" decoding=\"async\" width=\"1024\" height=\"320\" src=\"https:\/\/maisonmix.fr\/wp-content\/uploads\/2026\/02\/bandeau-1-1024x320.jpg\" alt=\"\" class=\"wp-image-237\" srcset=\"https:\/\/maisonmix.fr\/wp-content\/uploads\/2026\/02\/bandeau-1-1024x320.jpg 1024w, https:\/\/maisonmix.fr\/wp-content\/uploads\/2026\/02\/bandeau-1-300x94.jpg 300w, https:\/\/maisonmix.fr\/wp-content\/uploads\/2026\/02\/bandeau-1-768x240.jpg 768w, https:\/\/maisonmix.fr\/wp-content\/uploads\/2026\/02\/bandeau-1-1536x480.jpg 1536w, https:\/\/maisonmix.fr\/wp-content\/uploads\/2026\/02\/bandeau-1.jpg 1920w\" sizes=\"auto, (max-width: 1024px) 100vw, 1024px\" \/><\/figure>\n\n\n\n<div style=\"height:45px\" aria-hidden=\"true\" class=\"wp-block-spacer\"><\/div>\n\n\n\n<p class=\"has-white-color has-text-color has-link-color has-medium-font-size wp-elements-dc1b18b0da8f6d7daa5d37b79a36dc01\"><\/p>\n\n\n\n<p class=\"has-text-align-center has-white-color has-text-color has-link-color has-medium-font-size wp-elements-303358efa07fa16a2cb2e53cc0fcee72\">Vous serez accueilli.es \u00e0 l&rsquo;\u00e9cole d&rsquo;ing\u00e9nieur IMT Atlantique : <br>2 rue de la Ch\u00e2taigneraie \u00e0 Cesson S\u00e9vign\u00e9 <\/p>\n\n\n\n<p class=\"has-text-align-center has-white-color has-text-color has-link-color has-medium-font-size wp-elements-918a5f2fa6caa74869c7be429a7c2f42\">M\u00e9tro ligne B arr\u00eat Atalante<br>Bus C4 arr\u00eat Beaulieu INSA<br><a href=\"https:\/\/www.imt-atlantique.fr\/fr\/campus\/sites\/rennes\" target=\"_blank\" rel=\"noreferrer noopener\">plan d&rsquo;acc\u00e8s<\/a><\/p>\n\n\n\n<div style=\"height:45px\" aria-hidden=\"true\" class=\"wp-block-spacer\"><\/div>\n\n\n\n<div class=\"wp-block-buttons alignwide is-content-justification-center is-layout-flex wp-container-core-buttons-is-layout-16018d1d wp-block-buttons-is-layout-flex\">\n<div class=\"wp-block-button is-style-outline is-style-outline--1\"><a class=\"wp-block-button__link has-white-color has-text-color has-background has-link-color has-medium-font-size has-custom-font-size wp-element-button\" href=\"https:\/\/maisonmix.fr\/?page_id=100\" style=\"border-top-left-radius:53px;border-top-right-radius:53px;border-bottom-left-radius:53px;border-bottom-right-radius:53px;background-color:#101e01\">INSCRIPTION<\/a><\/div>\n\n\n\n<div class=\"wp-block-button is-style-outline is-style-outline--2\"><a class=\"wp-block-button__link has-white-color has-text-color has-background has-link-color has-medium-font-size has-custom-font-size wp-element-button\" href=\"https:\/\/maisonmix.fr\/?page_id=101\" style=\"border-top-left-radius:53px;border-top-right-radius:53px;border-bottom-left-radius:53px;border-bottom-right-radius:53px;background-color:#101e01\">CONCEPT<\/a><\/div>\n\n\n\n<div class=\"wp-block-button is-style-outline is-style-outline--3\"><a class=\"wp-block-button__link has-white-color has-text-color has-background has-link-color has-medium-font-size has-custom-font-size wp-element-button\" href=\"https:\/\/maisonmix.fr\/?page_id=102\" style=\"border-top-left-radius:53px;border-top-right-radius:53px;border-bottom-left-radius:53px;border-bottom-right-radius:53px;background-color:#101e01\">ATELIERS<\/a><\/div>\n<\/div>\n\n\n\n<p><\/p>\n","protected":false},"excerpt":{"rendered":"<p>Concevoir ensemble des solutions low-tech, reproductibles et ouvertes. MaisonMix s\u2019adresse \u00e0 toutes celles et ceux qui souhaitent agir, tester et documenter. Cet \u00e9v\u00e8nement se concentre autour d&rsquo;une valeur forte : l&rsquo;open source pour constituer des communs et faciliter la reproduction des projets. C&rsquo;est pourquoi tous les projets seront document\u00e9s sous licence libre. Pendant deux jours, [&hellip;]<\/p>\n","protected":false},"author":2,"featured_media":0,"parent":0,"menu_order":0,"comment_status":"closed","ping_status":"closed","template":"","meta":{"ocean_post_layout":"","ocean_both_sidebars_style":"","ocean_both_sidebars_content_width":0,"ocean_both_sidebars_sidebars_width":0,"ocean_sidebar":"","ocean_second_sidebar":"","ocean_disable_margins":"enable","ocean_add_body_class":"","ocean_shortcode_before_top_bar":"","ocean_shortcode_after_top_bar":"","ocean_shortcode_before_header":"","ocean_shortcode_after_header":"","ocean_has_shortcode":"","ocean_shortcode_after_title":"","ocean_shortcode_before_footer_widgets":"","ocean_shortcode_after_footer_widgets":"","ocean_shortcode_before_footer_bottom":"","ocean_shortcode_after_footer_bottom":"","ocean_display_top_bar":"default","ocean_display_header":"default","ocean_header_style":"","ocean_center_header_left_menu":"","ocean_custom_header_template":"","ocean_custom_logo":0,"ocean_custom_retina_logo":0,"ocean_custom_logo_max_width":0,"ocean_custom_logo_tablet_max_width":0,"ocean_custom_logo_mobile_max_width":0,"ocean_custom_logo_max_height":0,"ocean_custom_logo_tablet_max_height":0,"ocean_custom_logo_mobile_max_height":0,"ocean_header_custom_menu":"","ocean_menu_typo_font_family":"","ocean_menu_typo_font_subset":"","ocean_menu_typo_font_size":0,"ocean_menu_typo_font_size_tablet":0,"ocean_menu_typo_font_size_mobile":0,"ocean_menu_typo_font_size_unit":"px","ocean_menu_typo_font_weight":"","ocean_menu_typo_font_weight_tablet":"","ocean_menu_typo_font_weight_mobile":"","ocean_menu_typo_transform":"","ocean_menu_typo_transform_tablet":"","ocean_menu_typo_transform_mobile":"","ocean_menu_typo_line_height":0,"ocean_menu_typo_line_height_tablet":0,"ocean_menu_typo_line_height_mobile":0,"ocean_menu_typo_line_height_unit":"","ocean_menu_typo_spacing":0,"ocean_menu_typo_spacing_tablet":0,"ocean_menu_typo_spacing_mobile":0,"ocean_menu_typo_spacing_unit":"","ocean_menu_link_color":"","ocean_menu_link_color_hover":"","ocean_menu_link_color_active":"","ocean_menu_link_background":"","ocean_menu_link_hover_background":"","ocean_menu_link_active_background":"","ocean_menu_social_links_bg":"","ocean_menu_social_hover_links_bg":"","ocean_menu_social_links_color":"","ocean_menu_social_hover_links_color":"","ocean_disable_title":"default","ocean_disable_heading":"default","ocean_post_title":"","ocean_post_subheading":"","ocean_post_title_style":"","ocean_post_title_background_color":"","ocean_post_title_background":0,"ocean_post_title_bg_image_position":"","ocean_post_title_bg_image_attachment":"","ocean_post_title_bg_image_repeat":"","ocean_post_title_bg_image_size":"","ocean_post_title_height":0,"ocean_post_title_bg_overlay":0.5,"ocean_post_title_bg_overlay_color":"","ocean_disable_breadcrumbs":"default","ocean_breadcrumbs_color":"","ocean_breadcrumbs_separator_color":"","ocean_breadcrumbs_links_color":"","ocean_breadcrumbs_links_hover_color":"","ocean_display_footer_widgets":"default","ocean_display_footer_bottom":"default","ocean_custom_footer_template":"","footnotes":""},"class_list":["post-8","page","type-page","status-publish","hentry","entry"],"_links":{"self":[{"href":"https:\/\/maisonmix.fr\/index.php?rest_route=\/wp\/v2\/pages\/8","targetHints":{"allow":["GET"]}}],"collection":[{"href":"https:\/\/maisonmix.fr\/index.php?rest_route=\/wp\/v2\/pages"}],"about":[{"href":"https:\/\/maisonmix.fr\/index.php?rest_route=\/wp\/v2\/types\/page"}],"author":[{"embeddable":true,"href":"https:\/\/maisonmix.fr\/index.php?rest_route=\/wp\/v2\/users\/2"}],"replies":[{"embeddable":true,"href":"https:\/\/maisonmix.fr\/index.php?rest_route=%2Fwp%2Fv2%2Fcomments&post=8"}],"version-history":[{"count":59,"href":"https:\/\/maisonmix.fr\/index.php?rest_route=\/wp\/v2\/pages\/8\/revisions"}],"predecessor-version":[{"id":351,"href":"https:\/\/maisonmix.fr\/index.php?rest_route=\/wp\/v2\/pages\/8\/revisions\/351"}],"wp:attachment":[{"href":"https:\/\/maisonmix.fr\/index.php?rest_route=%2Fwp%2Fv2%2Fmedia&parent=8"}],"curies":[{"name":"wp","href":"https:\/\/api.w.org\/{rel}","templated":true}]}}