{"id":300,"date":"2026-03-02T10:25:22","date_gmt":"2026-03-02T09:25:22","guid":{"rendered":"https:\/\/maisonmix.fr\/?page_id=300"},"modified":"2026-03-03T10:35:32","modified_gmt":"2026-03-03T09:35:32","slug":"fabriquer-des-briques-de-textile-recycle","status":"publish","type":"page","link":"https:\/\/maisonmix.fr\/?page_id=300","title":{"rendered":"Transformer des textiles usag\u00e9s en mat\u00e9riau"},"content":{"rendered":"<div class=\"wp-block-image\">\n<figure class=\"aligncenter size-full is-resized\"><img loading=\"lazy\" decoding=\"async\" width=\"981\" height=\"978\" src=\"https:\/\/maisonmix.fr\/wp-content\/uploads\/2026\/03\/textile.png\" alt=\"\" class=\"wp-image-270\" style=\"width:270px;height:auto\" srcset=\"https:\/\/maisonmix.fr\/wp-content\/uploads\/2026\/03\/textile.png 981w, https:\/\/maisonmix.fr\/wp-content\/uploads\/2026\/03\/textile-300x300.png 300w, https:\/\/maisonmix.fr\/wp-content\/uploads\/2026\/03\/textile-150x150.png 150w, https:\/\/maisonmix.fr\/wp-content\/uploads\/2026\/03\/textile-768x766.png 768w\" sizes=\"auto, (max-width: 981px) 100vw, 981px\" \/><\/figure>\n<\/div>\n\n\n<p class=\"has-white-color has-text-color has-link-color has-medium-font-size wp-elements-3e71318c850922a172d5faeebdff139b\">Transformer des v\u00eatements en fin de vie<br>Exp\u00e9rimenter autour de la fabrication de briques de v\u00eatement<br>Imaginer des usages <\/p>\n\n\n\n<p class=\"has-white-color has-text-color has-link-color has-medium-font-size wp-elements-8d7f96424ec2a2d6ca5b45e364974072\">Atelier encadr\u00e9 par B\u00e9reng\u00e8re Amiot, designer et collectionneuse de cailloux <\/p>\n\n\n\n<p class=\"has-white-color has-text-color has-link-color has-medium-font-size wp-elements-c14d57ca61653317a412fea041b0ba85\">Sources : <a href=\"https:\/\/berengereamiot.com\/\" target=\"_blank\" rel=\"noreferrer noopener\">Site B\u00e9reng\u00e8re Amiot<\/a><\/p>\n\n\n\n<p><\/p>\n","protected":false},"excerpt":{"rendered":"<p>Transformer des v\u00eatements en fin de vieExp\u00e9rimenter autour de la fabrication de briques de v\u00eatementImaginer des usages Atelier encadr\u00e9 par B\u00e9reng\u00e8re Amiot, designer et collectionneuse de cailloux Sources : Site B\u00e9reng\u00e8re Amiot<\/p>\n","protected":false},"author":2,"featured_media":0,"parent":0,"menu_order":0,"comment_status":"closed","ping_status":"closed","template":"","meta":{"ocean_post_layout":"","ocean_both_sidebars_style":"","ocean_both_sidebars_content_width":0,"ocean_both_sidebars_sidebars_width":0,"ocean_sidebar":"","ocean_second_sidebar":"","ocean_disable_margins":"enable","ocean_add_body_class":"","ocean_shortcode_before_top_bar":"","ocean_shortcode_after_top_bar":"","ocean_shortcode_before_header":"","ocean_shortcode_after_header":"","ocean_has_shortcode":"","ocean_shortcode_after_title":"","ocean_shortcode_before_footer_widgets":"","ocean_shortcode_after_footer_widgets":"","ocean_shortcode_before_footer_bottom":"","ocean_shortcode_after_footer_bottom":"","ocean_display_top_bar":"default","ocean_display_header":"default","ocean_header_style":"","ocean_center_header_left_menu":"","ocean_custom_header_template":"","ocean_custom_logo":0,"ocean_custom_retina_logo":0,"ocean_custom_logo_max_width":0,"ocean_custom_logo_tablet_max_width":0,"ocean_custom_logo_mobile_max_width":0,"ocean_custom_logo_max_height":0,"ocean_custom_logo_tablet_max_height":0,"ocean_custom_logo_mobile_max_height":0,"ocean_header_custom_menu":"","ocean_menu_typo_font_family":"","ocean_menu_typo_font_subset":"","ocean_menu_typo_font_size":0,"ocean_menu_typo_font_size_tablet":0,"ocean_menu_typo_font_size_mobile":0,"ocean_menu_typo_font_size_unit":"px","ocean_menu_typo_font_weight":"","ocean_menu_typo_font_weight_tablet":"","ocean_menu_typo_font_weight_mobile":"","ocean_menu_typo_transform":"","ocean_menu_typo_transform_tablet":"","ocean_menu_typo_transform_mobile":"","ocean_menu_typo_line_height":0,"ocean_menu_typo_line_height_tablet":0,"ocean_menu_typo_line_height_mobile":0,"ocean_menu_typo_line_height_unit":"","ocean_menu_typo_spacing":0,"ocean_menu_typo_spacing_tablet":0,"ocean_menu_typo_spacing_mobile":0,"ocean_menu_typo_spacing_unit":"","ocean_menu_link_color":"","ocean_menu_link_color_hover":"","ocean_menu_link_color_active":"","ocean_menu_link_background":"","ocean_menu_link_hover_background":"","ocean_menu_link_active_background":"","ocean_menu_social_links_bg":"","ocean_menu_social_hover_links_bg":"","ocean_menu_social_links_color":"","ocean_menu_social_hover_links_color":"","ocean_disable_title":"default","ocean_disable_heading":"default","ocean_post_title":"","ocean_post_subheading":"","ocean_post_title_style":"","ocean_post_title_background_color":"","ocean_post_title_background":0,"ocean_post_title_bg_image_position":"","ocean_post_title_bg_image_attachment":"","ocean_post_title_bg_image_repeat":"","ocean_post_title_bg_image_size":"","ocean_post_title_height":0,"ocean_post_title_bg_overlay":0.5,"ocean_post_title_bg_overlay_color":"","ocean_disable_breadcrumbs":"default","ocean_breadcrumbs_color":"","ocean_breadcrumbs_separator_color":"","ocean_breadcrumbs_links_color":"","ocean_breadcrumbs_links_hover_color":"","ocean_display_footer_widgets":"default","ocean_display_footer_bottom":"default","ocean_custom_footer_template":"","footnotes":""},"class_list":["post-300","page","type-page","status-publish","hentry","entry"],"_links":{"self":[{"href":"https:\/\/maisonmix.fr\/index.php?rest_route=\/wp\/v2\/pages\/300","targetHints":{"allow":["GET"]}}],"collection":[{"href":"https:\/\/maisonmix.fr\/index.php?rest_route=\/wp\/v2\/pages"}],"about":[{"href":"https:\/\/maisonmix.fr\/index.php?rest_route=\/wp\/v2\/types\/page"}],"author":[{"embeddable":true,"href":"https:\/\/maisonmix.fr\/index.php?rest_route=\/wp\/v2\/users\/2"}],"replies":[{"embeddable":true,"href":"https:\/\/maisonmix.fr\/index.php?rest_route=%2Fwp%2Fv2%2Fcomments&post=300"}],"version-history":[{"count":7,"href":"https:\/\/maisonmix.fr\/index.php?rest_route=\/wp\/v2\/pages\/300\/revisions"}],"predecessor-version":[{"id":357,"href":"https:\/\/maisonmix.fr\/index.php?rest_route=\/wp\/v2\/pages\/300\/revisions\/357"}],"wp:attachment":[{"href":"https:\/\/maisonmix.fr\/index.php?rest_route=%2Fwp%2Fv2%2Fmedia&parent=300"}],"curies":[{"name":"wp","href":"https:\/\/api.w.org\/{rel}","templated":true}]}}