{"id":295,"date":"2026-03-02T10:20:04","date_gmt":"2026-03-02T09:20:04","guid":{"rendered":"https:\/\/maisonmix.fr\/?page_id=295"},"modified":"2026-03-02T15:43:00","modified_gmt":"2026-03-02T14:43:00","slug":"concevoir-un-systeme-de-refroidissement-en-terre-crue","status":"publish","type":"page","link":"https:\/\/maisonmix.fr\/?page_id=295","title":{"rendered":"Concevoir un syst\u00e8me de refroidissement en terre crue"},"content":{"rendered":"<div class=\"wp-block-image\">\n<figure class=\"aligncenter size-full is-resized\"><img loading=\"lazy\" decoding=\"async\" width=\"979\" height=\"993\" src=\"https:\/\/maisonmix.fr\/wp-content\/uploads\/2026\/03\/terre-crue.png\" alt=\"\" class=\"wp-image-269\" style=\"width:270px;height:auto\" srcset=\"https:\/\/maisonmix.fr\/wp-content\/uploads\/2026\/03\/terre-crue.png 979w, https:\/\/maisonmix.fr\/wp-content\/uploads\/2026\/03\/terre-crue-296x300.png 296w, https:\/\/maisonmix.fr\/wp-content\/uploads\/2026\/03\/terre-crue-768x779.png 768w\" sizes=\"auto, (max-width: 979px) 100vw, 979px\" \/><\/figure>\n<\/div>\n\n\n<p class=\"has-white-color has-text-color has-link-color has-medium-font-size wp-elements-b268cee4fec84f53c1e7ab3d6a3abd7e\">Cr\u00e9er un dispositif qui rafra\u00eechit l\u2019air sans \u00e9lectricit\u00e9<br>Utiliser les propri\u00e9t\u00e9s naturelles de la terre crue<br>Observer l\u2019effet r\u00e9el sur la temp\u00e9rature<\/p>\n\n\n\n<p class=\"has-white-color has-text-color has-link-color has-medium-font-size wp-elements-7982576c13b8b22ead30c89a673af0c1\">Atelier encadr\u00e9 par Aymeric Georget, designer et b\u00e2tisseur en terre crue<\/p>\n\n\n\n<p class=\"has-white-color has-text-color has-link-color has-medium-font-size wp-elements-99ad5c2658fb9ce68c7c3be841506876\">Sources : <\/p>\n\n\n\n<p class=\"has-white-color has-text-color has-link-color has-medium-font-size wp-elements-496ba961f2616e53b6d3f31a4f826d81\"><a href=\"https:\/\/www.instagram.com\/terre.et.design\" target=\"_blank\" rel=\"noreferrer noopener\">Instagram Aymeric Georget<\/a><\/p>\n\n\n\n<p><\/p>\n\n\n\n<p><\/p>\n","protected":false},"excerpt":{"rendered":"<p>Cr\u00e9er un dispositif qui rafra\u00eechit l\u2019air sans \u00e9lectricit\u00e9Utiliser les propri\u00e9t\u00e9s naturelles de la terre crueObserver l\u2019effet r\u00e9el sur la temp\u00e9rature Atelier encadr\u00e9 par Aymeric Georget, designer et b\u00e2tisseur en terre crue Sources : Instagram Aymeric Georget<\/p>\n","protected":false},"author":2,"featured_media":0,"parent":0,"menu_order":0,"comment_status":"closed","ping_status":"closed","template":"","meta":{"ocean_post_layout":"","ocean_both_sidebars_style":"","ocean_both_sidebars_content_width":0,"ocean_both_sidebars_sidebars_width":0,"ocean_sidebar":"","ocean_second_sidebar":"","ocean_disable_margins":"enable","ocean_add_body_class":"","ocean_shortcode_before_top_bar":"","ocean_shortcode_after_top_bar":"","ocean_shortcode_before_header":"","ocean_shortcode_after_header":"","ocean_has_shortcode":"","ocean_shortcode_after_title":"","ocean_shortcode_before_footer_widgets":"","ocean_shortcode_after_footer_widgets":"","ocean_shortcode_before_footer_bottom":"","ocean_shortcode_after_footer_bottom":"","ocean_display_top_bar":"default","ocean_display_header":"default","ocean_header_style":"","ocean_center_header_left_menu":"","ocean_custom_header_template":"","ocean_custom_logo":0,"ocean_custom_retina_logo":0,"ocean_custom_logo_max_width":0,"ocean_custom_logo_tablet_max_width":0,"ocean_custom_logo_mobile_max_width":0,"ocean_custom_logo_max_height":0,"ocean_custom_logo_tablet_max_height":0,"ocean_custom_logo_mobile_max_height":0,"ocean_header_custom_menu":"","ocean_menu_typo_font_family":"","ocean_menu_typo_font_subset":"","ocean_menu_typo_font_size":0,"ocean_menu_typo_font_size_tablet":0,"ocean_menu_typo_font_size_mobile":0,"ocean_menu_typo_font_size_unit":"px","ocean_menu_typo_font_weight":"","ocean_menu_typo_font_weight_tablet":"","ocean_menu_typo_font_weight_mobile":"","ocean_menu_typo_transform":"","ocean_menu_typo_transform_tablet":"","ocean_menu_typo_transform_mobile":"","ocean_menu_typo_line_height":0,"ocean_menu_typo_line_height_tablet":0,"ocean_menu_typo_line_height_mobile":0,"ocean_menu_typo_line_height_unit":"","ocean_menu_typo_spacing":0,"ocean_menu_typo_spacing_tablet":0,"ocean_menu_typo_spacing_mobile":0,"ocean_menu_typo_spacing_unit":"","ocean_menu_link_color":"","ocean_menu_link_color_hover":"","ocean_menu_link_color_active":"","ocean_menu_link_background":"","ocean_menu_link_hover_background":"","ocean_menu_link_active_background":"","ocean_menu_social_links_bg":"","ocean_menu_social_hover_links_bg":"","ocean_menu_social_links_color":"","ocean_menu_social_hover_links_color":"","ocean_disable_title":"default","ocean_disable_heading":"default","ocean_post_title":"","ocean_post_subheading":"","ocean_post_title_style":"","ocean_post_title_background_color":"","ocean_post_title_background":0,"ocean_post_title_bg_image_position":"","ocean_post_title_bg_image_attachment":"","ocean_post_title_bg_image_repeat":"","ocean_post_title_bg_image_size":"","ocean_post_title_height":0,"ocean_post_title_bg_overlay":0.5,"ocean_post_title_bg_overlay_color":"","ocean_disable_breadcrumbs":"default","ocean_breadcrumbs_color":"","ocean_breadcrumbs_separator_color":"","ocean_breadcrumbs_links_color":"","ocean_breadcrumbs_links_hover_color":"","ocean_display_footer_widgets":"default","ocean_display_footer_bottom":"default","ocean_custom_footer_template":"","footnotes":""},"class_list":["post-295","page","type-page","status-publish","hentry","entry"],"_links":{"self":[{"href":"https:\/\/maisonmix.fr\/index.php?rest_route=\/wp\/v2\/pages\/295","targetHints":{"allow":["GET"]}}],"collection":[{"href":"https:\/\/maisonmix.fr\/index.php?rest_route=\/wp\/v2\/pages"}],"about":[{"href":"https:\/\/maisonmix.fr\/index.php?rest_route=\/wp\/v2\/types\/page"}],"author":[{"embeddable":true,"href":"https:\/\/maisonmix.fr\/index.php?rest_route=\/wp\/v2\/users\/2"}],"replies":[{"embeddable":true,"href":"https:\/\/maisonmix.fr\/index.php?rest_route=%2Fwp%2Fv2%2Fcomments&post=295"}],"version-history":[{"count":3,"href":"https:\/\/maisonmix.fr\/index.php?rest_route=\/wp\/v2\/pages\/295\/revisions"}],"predecessor-version":[{"id":326,"href":"https:\/\/maisonmix.fr\/index.php?rest_route=\/wp\/v2\/pages\/295\/revisions\/326"}],"wp:attachment":[{"href":"https:\/\/maisonmix.fr\/index.php?rest_route=%2Fwp%2Fv2%2Fmedia&parent=295"}],"curies":[{"name":"wp","href":"https:\/\/api.w.org\/{rel}","templated":true}]}}