{"id":292,"date":"2026-03-02T10:16:12","date_gmt":"2026-03-02T09:16:12","guid":{"rendered":"https:\/\/maisonmix.fr\/?page_id=292"},"modified":"2026-03-05T13:12:47","modified_gmt":"2026-03-05T12:12:47","slug":"adapter-un-sechoir-a-aliment-pour-un-balcon","status":"publish","type":"page","link":"https:\/\/maisonmix.fr\/?page_id=292","title":{"rendered":"Adapter un s\u00e9choir \u00e0 aliment pour un balcon"},"content":{"rendered":"<div class=\"wp-block-image\">\n<figure class=\"aligncenter size-full is-resized\"><img loading=\"lazy\" decoding=\"async\" width=\"991\" height=\"1002\" src=\"https:\/\/maisonmix.fr\/wp-content\/uploads\/2026\/03\/garde-manger.png\" alt=\"\" class=\"wp-image-268\" style=\"width:270px;height:auto\" srcset=\"https:\/\/maisonmix.fr\/wp-content\/uploads\/2026\/03\/garde-manger.png 991w, https:\/\/maisonmix.fr\/wp-content\/uploads\/2026\/03\/garde-manger-297x300.png 297w, https:\/\/maisonmix.fr\/wp-content\/uploads\/2026\/03\/garde-manger-768x777.png 768w\" sizes=\"auto, (max-width: 991px) 100vw, 991px\" \/><\/figure>\n<\/div>\n\n\n<p class=\"has-white-color has-text-color has-link-color has-medium-font-size wp-elements-f18e79534dab92c70a48748b8c71b21a\">Concevoir un dispositif compact comprenant un s\u00e9choir \u00e0 aliment et un garde manger<br>Utiliser au maximum des mat\u00e9riaux de r\u00e9cup\u00e9ration<br>Imaginer une version simple \u00e0 reproduire<br>Optimiser ventilation naturelle et exposition solaire.<\/p>\n\n\n\n<p class=\"has-white-color has-text-color has-link-color has-medium-font-size wp-elements-1a5d2ece66c79a7cfb3ca96163461e05\">Atelier encadr\u00e9 par Zo\u00e9 Moreels, fabmanager \u00e0 l&rsquo;IMT Atlantique et chasseresse de moulin<\/p>\n\n\n\n<p class=\"has-white-color has-text-color has-link-color has-medium-font-size wp-elements-f6d41cae41ad2a06d7f4b47e1b686748\">Sources :<\/p>\n\n\n\n<p class=\"has-white-color has-text-color has-link-color has-medium-font-size wp-elements-6c9eac532178d87c425ff9aace8d4ba1\"> <a href=\"https:\/\/wiki.lowtechlab.org\/wiki\/S%C3%A9choir_solaire_d%C3%A9montable\" target=\"_blank\" rel=\"noreferrer noopener\">Wiki Low Tech Lab s\u00e9choir \u00e0 aliment<\/a><\/p>\n\n\n\n<p class=\"has-white-color has-text-color has-link-color has-medium-font-size wp-elements-b1189c85be04d3646444bad3f0fc59d8\"><a href=\"https:\/\/wiki.lowtechlab.org\/wiki\/Garde-Manger\">Wiki Low Tech Lab Garde manger<\/a><\/p>\n\n\n\n<p><\/p>\n","protected":false},"excerpt":{"rendered":"<p>Concevoir un dispositif compact comprenant un s\u00e9choir \u00e0 aliment et un garde mangerUtiliser au maximum des mat\u00e9riaux de r\u00e9cup\u00e9rationImaginer une version simple \u00e0 reproduireOptimiser ventilation naturelle et exposition solaire. Atelier encadr\u00e9 par Zo\u00e9 Moreels, fabmanager \u00e0 l&rsquo;IMT Atlantique et chasseresse de moulin Sources : Wiki Low Tech Lab s\u00e9choir \u00e0 aliment Wiki Low Tech Lab [&hellip;]<\/p>\n","protected":false},"author":2,"featured_media":0,"parent":0,"menu_order":0,"comment_status":"closed","ping_status":"closed","template":"","meta":{"ocean_post_layout":"","ocean_both_sidebars_style":"","ocean_both_sidebars_content_width":0,"ocean_both_sidebars_sidebars_width":0,"ocean_sidebar":"","ocean_second_sidebar":"","ocean_disable_margins":"enable","ocean_add_body_class":"","ocean_shortcode_before_top_bar":"","ocean_shortcode_after_top_bar":"","ocean_shortcode_before_header":"","ocean_shortcode_after_header":"","ocean_has_shortcode":"","ocean_shortcode_after_title":"","ocean_shortcode_before_footer_widgets":"","ocean_shortcode_after_footer_widgets":"","ocean_shortcode_before_footer_bottom":"","ocean_shortcode_after_footer_bottom":"","ocean_display_top_bar":"default","ocean_display_header":"default","ocean_header_style":"","ocean_center_header_left_menu":"","ocean_custom_header_template":"","ocean_custom_logo":0,"ocean_custom_retina_logo":0,"ocean_custom_logo_max_width":0,"ocean_custom_logo_tablet_max_width":0,"ocean_custom_logo_mobile_max_width":0,"ocean_custom_logo_max_height":0,"ocean_custom_logo_tablet_max_height":0,"ocean_custom_logo_mobile_max_height":0,"ocean_header_custom_menu":"","ocean_menu_typo_font_family":"","ocean_menu_typo_font_subset":"","ocean_menu_typo_font_size":0,"ocean_menu_typo_font_size_tablet":0,"ocean_menu_typo_font_size_mobile":0,"ocean_menu_typo_font_size_unit":"px","ocean_menu_typo_font_weight":"","ocean_menu_typo_font_weight_tablet":"","ocean_menu_typo_font_weight_mobile":"","ocean_menu_typo_transform":"","ocean_menu_typo_transform_tablet":"","ocean_menu_typo_transform_mobile":"","ocean_menu_typo_line_height":0,"ocean_menu_typo_line_height_tablet":0,"ocean_menu_typo_line_height_mobile":0,"ocean_menu_typo_line_height_unit":"","ocean_menu_typo_spacing":0,"ocean_menu_typo_spacing_tablet":0,"ocean_menu_typo_spacing_mobile":0,"ocean_menu_typo_spacing_unit":"","ocean_menu_link_color":"","ocean_menu_link_color_hover":"","ocean_menu_link_color_active":"","ocean_menu_link_background":"","ocean_menu_link_hover_background":"","ocean_menu_link_active_background":"","ocean_menu_social_links_bg":"","ocean_menu_social_hover_links_bg":"","ocean_menu_social_links_color":"","ocean_menu_social_hover_links_color":"","ocean_disable_title":"default","ocean_disable_heading":"default","ocean_post_title":"","ocean_post_subheading":"","ocean_post_title_style":"","ocean_post_title_background_color":"","ocean_post_title_background":0,"ocean_post_title_bg_image_position":"","ocean_post_title_bg_image_attachment":"","ocean_post_title_bg_image_repeat":"","ocean_post_title_bg_image_size":"","ocean_post_title_height":0,"ocean_post_title_bg_overlay":0.5,"ocean_post_title_bg_overlay_color":"","ocean_disable_breadcrumbs":"default","ocean_breadcrumbs_color":"","ocean_breadcrumbs_separator_color":"","ocean_breadcrumbs_links_color":"","ocean_breadcrumbs_links_hover_color":"","ocean_display_footer_widgets":"default","ocean_display_footer_bottom":"default","ocean_custom_footer_template":"","footnotes":""},"class_list":["post-292","page","type-page","status-publish","hentry","entry"],"_links":{"self":[{"href":"https:\/\/maisonmix.fr\/index.php?rest_route=\/wp\/v2\/pages\/292","targetHints":{"allow":["GET"]}}],"collection":[{"href":"https:\/\/maisonmix.fr\/index.php?rest_route=\/wp\/v2\/pages"}],"about":[{"href":"https:\/\/maisonmix.fr\/index.php?rest_route=\/wp\/v2\/types\/page"}],"author":[{"embeddable":true,"href":"https:\/\/maisonmix.fr\/index.php?rest_route=\/wp\/v2\/users\/2"}],"replies":[{"embeddable":true,"href":"https:\/\/maisonmix.fr\/index.php?rest_route=%2Fwp%2Fv2%2Fcomments&post=292"}],"version-history":[{"count":6,"href":"https:\/\/maisonmix.fr\/index.php?rest_route=\/wp\/v2\/pages\/292\/revisions"}],"predecessor-version":[{"id":362,"href":"https:\/\/maisonmix.fr\/index.php?rest_route=\/wp\/v2\/pages\/292\/revisions\/362"}],"wp:attachment":[{"href":"https:\/\/maisonmix.fr\/index.php?rest_route=%2Fwp%2Fv2%2Fmedia&parent=292"}],"curies":[{"name":"wp","href":"https:\/\/api.w.org\/{rel}","templated":true}]}}