{"id":284,"date":"2026-03-02T10:07:39","date_gmt":"2026-03-02T09:07:39","guid":{"rendered":"https:\/\/maisonmix.fr\/?page_id=284"},"modified":"2026-03-03T10:29:30","modified_gmt":"2026-03-03T09:29:30","slug":"construire-un-chauffage-solaire-en-ardoise","status":"publish","type":"page","link":"https:\/\/maisonmix.fr\/?page_id=284","title":{"rendered":"Construire un chauffage solaire en ardoise"},"content":{"rendered":"<div class=\"wp-block-image\">\n<figure class=\"aligncenter size-full is-resized\"><img loading=\"lazy\" decoding=\"async\" width=\"1012\" height=\"1016\" src=\"https:\/\/maisonmix.fr\/wp-content\/uploads\/2026\/03\/chauffage-ardoise.png\" alt=\"\" class=\"wp-image-266\" style=\"width:270px;height:auto\" srcset=\"https:\/\/maisonmix.fr\/wp-content\/uploads\/2026\/03\/chauffage-ardoise.png 1012w, https:\/\/maisonmix.fr\/wp-content\/uploads\/2026\/03\/chauffage-ardoise-300x300.png 300w, https:\/\/maisonmix.fr\/wp-content\/uploads\/2026\/03\/chauffage-ardoise-150x150.png 150w, https:\/\/maisonmix.fr\/wp-content\/uploads\/2026\/03\/chauffage-ardoise-768x771.png 768w\" sizes=\"auto, (max-width: 1012px) 100vw, 1012px\" \/><\/figure>\n<\/div>\n\n\n<p class=\"has-white-color has-text-color has-link-color has-medium-font-size wp-elements-5cba3896810f963ae96cb5ee8ada5b3c\">Assembler un syst\u00e8me thermique \u00e0 partir de mat\u00e9riaux accessibles et locaux<br>Consolider la documentation d\u00e9j\u00e0 existante<\/p>\n\n\n\n<p class=\"has-white-color has-text-color has-link-color has-medium-font-size wp-elements-3877847eb477571a63335d5388d69fed\">Atelier encadr\u00e9 par Nicolas Montavont, enseignant chercheur \u00e0 l&rsquo;IMT Atlantique et \u00e9leveur de moutons<\/p>\n\n\n\n<p class=\"has-white-color has-text-color has-link-color has-medium-font-size wp-elements-d9b90af4a0be26a46eedea0783335f6c\">Sources : <a href=\"https:\/\/wiki.lowtechlab.org\/wiki\/Chauffage_solaire_version_ardoise\" target=\"_blank\" rel=\"noreferrer noopener\">Wiki Low Tech Lab chauffage solaire en ardoise<\/a><\/p>\n\n\n\n<p class=\"has-black-color has-text-color has-link-color wp-elements-9ac00cf961d1ea846fe5a532228b76c6\"><\/p>\n","protected":false},"excerpt":{"rendered":"<p>Assembler un syst\u00e8me thermique \u00e0 partir de mat\u00e9riaux accessibles et locauxConsolider la documentation d\u00e9j\u00e0 existante Atelier encadr\u00e9 par Nicolas Montavont, enseignant chercheur \u00e0 l&rsquo;IMT Atlantique et \u00e9leveur de moutons Sources : Wiki Low Tech Lab chauffage solaire en ardoise<\/p>\n","protected":false},"author":2,"featured_media":0,"parent":0,"menu_order":0,"comment_status":"closed","ping_status":"closed","template":"","meta":{"ocean_post_layout":"","ocean_both_sidebars_style":"","ocean_both_sidebars_content_width":0,"ocean_both_sidebars_sidebars_width":0,"ocean_sidebar":"","ocean_second_sidebar":"","ocean_disable_margins":"enable","ocean_add_body_class":"","ocean_shortcode_before_top_bar":"","ocean_shortcode_after_top_bar":"","ocean_shortcode_before_header":"","ocean_shortcode_after_header":"","ocean_has_shortcode":"","ocean_shortcode_after_title":"","ocean_shortcode_before_footer_widgets":"","ocean_shortcode_after_footer_widgets":"","ocean_shortcode_before_footer_bottom":"","ocean_shortcode_after_footer_bottom":"","ocean_display_top_bar":"default","ocean_display_header":"default","ocean_header_style":"","ocean_center_header_left_menu":"","ocean_custom_header_template":"","ocean_custom_logo":0,"ocean_custom_retina_logo":0,"ocean_custom_logo_max_width":0,"ocean_custom_logo_tablet_max_width":0,"ocean_custom_logo_mobile_max_width":0,"ocean_custom_logo_max_height":0,"ocean_custom_logo_tablet_max_height":0,"ocean_custom_logo_mobile_max_height":0,"ocean_header_custom_menu":"","ocean_menu_typo_font_family":"","ocean_menu_typo_font_subset":"","ocean_menu_typo_font_size":0,"ocean_menu_typo_font_size_tablet":0,"ocean_menu_typo_font_size_mobile":0,"ocean_menu_typo_font_size_unit":"px","ocean_menu_typo_font_weight":"","ocean_menu_typo_font_weight_tablet":"","ocean_menu_typo_font_weight_mobile":"","ocean_menu_typo_transform":"","ocean_menu_typo_transform_tablet":"","ocean_menu_typo_transform_mobile":"","ocean_menu_typo_line_height":0,"ocean_menu_typo_line_height_tablet":0,"ocean_menu_typo_line_height_mobile":0,"ocean_menu_typo_line_height_unit":"","ocean_menu_typo_spacing":0,"ocean_menu_typo_spacing_tablet":0,"ocean_menu_typo_spacing_mobile":0,"ocean_menu_typo_spacing_unit":"","ocean_menu_link_color":"","ocean_menu_link_color_hover":"","ocean_menu_link_color_active":"","ocean_menu_link_background":"","ocean_menu_link_hover_background":"","ocean_menu_link_active_background":"","ocean_menu_social_links_bg":"","ocean_menu_social_hover_links_bg":"","ocean_menu_social_links_color":"","ocean_menu_social_hover_links_color":"","ocean_disable_title":"default","ocean_disable_heading":"default","ocean_post_title":"","ocean_post_subheading":"","ocean_post_title_style":"","ocean_post_title_background_color":"","ocean_post_title_background":0,"ocean_post_title_bg_image_position":"","ocean_post_title_bg_image_attachment":"","ocean_post_title_bg_image_repeat":"","ocean_post_title_bg_image_size":"","ocean_post_title_height":0,"ocean_post_title_bg_overlay":0.5,"ocean_post_title_bg_overlay_color":"","ocean_disable_breadcrumbs":"default","ocean_breadcrumbs_color":"","ocean_breadcrumbs_separator_color":"","ocean_breadcrumbs_links_color":"","ocean_breadcrumbs_links_hover_color":"","ocean_display_footer_widgets":"default","ocean_display_footer_bottom":"default","ocean_custom_footer_template":"","footnotes":""},"class_list":["post-284","page","type-page","status-publish","hentry","entry"],"_links":{"self":[{"href":"https:\/\/maisonmix.fr\/index.php?rest_route=\/wp\/v2\/pages\/284","targetHints":{"allow":["GET"]}}],"collection":[{"href":"https:\/\/maisonmix.fr\/index.php?rest_route=\/wp\/v2\/pages"}],"about":[{"href":"https:\/\/maisonmix.fr\/index.php?rest_route=\/wp\/v2\/types\/page"}],"author":[{"embeddable":true,"href":"https:\/\/maisonmix.fr\/index.php?rest_route=\/wp\/v2\/users\/2"}],"replies":[{"embeddable":true,"href":"https:\/\/maisonmix.fr\/index.php?rest_route=%2Fwp%2Fv2%2Fcomments&post=284"}],"version-history":[{"count":5,"href":"https:\/\/maisonmix.fr\/index.php?rest_route=\/wp\/v2\/pages\/284\/revisions"}],"predecessor-version":[{"id":350,"href":"https:\/\/maisonmix.fr\/index.php?rest_route=\/wp\/v2\/pages\/284\/revisions\/350"}],"wp:attachment":[{"href":"https:\/\/maisonmix.fr\/index.php?rest_route=%2Fwp%2Fv2%2Fmedia&parent=284"}],"curies":[{"name":"wp","href":"https:\/\/api.w.org\/{rel}","templated":true}]}}