{"id":102,"date":"2026-02-17T15:31:35","date_gmt":"2026-02-17T14:31:35","guid":{"rendered":"https:\/\/maisonmix.fr\/?page_id=102"},"modified":"2026-03-03T10:23:21","modified_gmt":"2026-03-03T09:23:21","slug":"ateliers","status":"publish","type":"page","link":"https:\/\/maisonmix.fr\/?page_id=102","title":{"rendered":"Ateliers"},"content":{"rendered":"\n<div class=\"wp-block-group is-nowrap is-layout-flex wp-container-core-group-is-layout-ad2f72ca wp-block-group-is-layout-flex\">\n<p class=\"has-text-align-left has-white-color has-text-color has-link-color has-large-font-size wp-elements-9811b30740922e183a5d5371b9fc95be\"><strong>6 ateliers de prototypage pour concevoir ensemble des solutions sobres, reproductibles et open source. <\/strong><\/p>\n<\/div>\n\n\n\n<div style=\"height:100px\" aria-hidden=\"true\" class=\"wp-block-spacer\"><\/div>\n\n\n\n<div class=\"wp-block-columns is-layout-flex wp-container-core-columns-is-layout-9d6595d7 wp-block-columns-is-layout-flex\">\n<div class=\"wp-block-column is-layout-flow wp-block-column-is-layout-flow\">\n<figure class=\"wp-block-image size-large\"><img loading=\"lazy\" decoding=\"async\" width=\"1024\" height=\"1024\" src=\"https:\/\/maisonmix.fr\/wp-content\/uploads\/2026\/03\/delestage-1024x1024.png\" alt=\"\" class=\"wp-image-267\" srcset=\"https:\/\/maisonmix.fr\/wp-content\/uploads\/2026\/03\/delestage-1024x1024.png 1024w, https:\/\/maisonmix.fr\/wp-content\/uploads\/2026\/03\/delestage-300x300.png 300w, https:\/\/maisonmix.fr\/wp-content\/uploads\/2026\/03\/delestage-150x150.png 150w, https:\/\/maisonmix.fr\/wp-content\/uploads\/2026\/03\/delestage-768x767.png 768w, https:\/\/maisonmix.fr\/wp-content\/uploads\/2026\/03\/delestage-600x600.png 600w, https:\/\/maisonmix.fr\/wp-content\/uploads\/2026\/03\/delestage.png 1032w\" sizes=\"auto, (max-width: 1024px) 100vw, 1024px\" \/><\/figure>\n\n\n\n<p class=\"has-text-align-center has-white-color has-text-color has-link-color has-medium-font-size wp-elements-3bad51409809ef90b0f0e41de5a0cdff\"><strong><strong>Explorer l\u2019autoconsommation<\/strong> de l&rsquo;\u00e9nergie photovolta\u00efque <\/strong><\/p>\n\n\n\n<div class=\"wp-block-buttons alignwide is-content-justification-center is-layout-flex wp-container-core-buttons-is-layout-16018d1d wp-block-buttons-is-layout-flex\">\n<div class=\"wp-block-button is-style-outline is-style-outline--1\"><a class=\"wp-block-button__link has-white-color has-text-color has-background has-link-color has-medium-font-size has-custom-font-size wp-element-button\" href=\"https:\/\/maisonmix.fr\/?page_id=281\" style=\"border-top-left-radius:53px;border-top-right-radius:53px;border-bottom-left-radius:53px;border-bottom-right-radius:53px;background-color:#101e01\" target=\"_blank\" rel=\"noreferrer noopener\">EN SAVOIR +<\/a><\/div>\n<\/div>\n<\/div>\n\n\n\n<div class=\"wp-block-column is-layout-flow wp-block-column-is-layout-flow\">\n<figure class=\"wp-block-image size-full\"><img loading=\"lazy\" decoding=\"async\" width=\"1012\" height=\"1016\" src=\"https:\/\/maisonmix.fr\/wp-content\/uploads\/2026\/03\/chauffage-ardoise.png\" alt=\"\" class=\"wp-image-266\" srcset=\"https:\/\/maisonmix.fr\/wp-content\/uploads\/2026\/03\/chauffage-ardoise.png 1012w, https:\/\/maisonmix.fr\/wp-content\/uploads\/2026\/03\/chauffage-ardoise-300x300.png 300w, https:\/\/maisonmix.fr\/wp-content\/uploads\/2026\/03\/chauffage-ardoise-150x150.png 150w, https:\/\/maisonmix.fr\/wp-content\/uploads\/2026\/03\/chauffage-ardoise-768x771.png 768w\" sizes=\"auto, (max-width: 1012px) 100vw, 1012px\" \/><\/figure>\n\n\n\n<p class=\"has-text-align-center has-white-color has-text-color has-link-color has-medium-font-size wp-elements-1885b58adc44cf3078b818d072d87ac6\"><strong>Construire un chauffage solaire en ardoise <\/strong><\/p>\n\n\n\n<div class=\"wp-block-buttons alignwide is-content-justification-center is-layout-flex wp-container-core-buttons-is-layout-16018d1d wp-block-buttons-is-layout-flex\">\n<div class=\"wp-block-button is-style-outline is-style-outline--2\"><a class=\"wp-block-button__link has-white-color has-text-color has-background has-link-color has-medium-font-size has-custom-font-size wp-element-button\" href=\"https:\/\/maisonmix.fr\/?page_id=284\" style=\"border-top-left-radius:53px;border-top-right-radius:53px;border-bottom-left-radius:53px;border-bottom-right-radius:53px;background-color:#101e01\" target=\"_blank\" rel=\"noreferrer noopener\">EN SAVOIR +<\/a><\/div>\n<\/div>\n\n\n\n<p class=\"has-text-align-center has-medium-font-size\"><br><\/p>\n<\/div>\n\n\n\n<div class=\"wp-block-column is-layout-flow wp-block-column-is-layout-flow\">\n<figure class=\"wp-block-image size-full\"><img loading=\"lazy\" decoding=\"async\" width=\"991\" height=\"1002\" src=\"https:\/\/maisonmix.fr\/wp-content\/uploads\/2026\/03\/garde-manger.png\" alt=\"\" class=\"wp-image-268\" srcset=\"https:\/\/maisonmix.fr\/wp-content\/uploads\/2026\/03\/garde-manger.png 991w, https:\/\/maisonmix.fr\/wp-content\/uploads\/2026\/03\/garde-manger-297x300.png 297w, https:\/\/maisonmix.fr\/wp-content\/uploads\/2026\/03\/garde-manger-768x777.png 768w\" sizes=\"auto, (max-width: 991px) 100vw, 991px\" \/><\/figure>\n\n\n\n<p class=\"has-text-align-center has-white-color has-text-color has-link-color has-medium-font-size wp-elements-703f3135ae365650583291fdc5a0ae99\"><strong>Adapter un s\u00e9choir \u00e0 aliment pour un balcon<\/strong><\/p>\n\n\n\n<div class=\"wp-block-buttons alignwide is-content-justification-center is-layout-flex wp-container-core-buttons-is-layout-16018d1d wp-block-buttons-is-layout-flex\">\n<div class=\"wp-block-button is-style-outline is-style-outline--3\"><a class=\"wp-block-button__link has-white-color has-text-color has-background has-link-color has-medium-font-size has-custom-font-size wp-element-button\" href=\"https:\/\/maisonmix.fr\/?page_id=292\" style=\"border-top-left-radius:53px;border-top-right-radius:53px;border-bottom-left-radius:53px;border-bottom-right-radius:53px;background-color:#101e01\" target=\"_blank\" rel=\"noreferrer noopener\">EN SAVOIR +<\/a><\/div>\n<\/div>\n\n\n\n<p class=\"has-text-align-center has-medium-font-size\"><br><\/p>\n<\/div>\n<\/div>\n\n\n\n<div class=\"wp-block-columns is-layout-flex wp-container-core-columns-is-layout-9d6595d7 wp-block-columns-is-layout-flex\">\n<div class=\"wp-block-column is-layout-flow wp-block-column-is-layout-flow\">\n<figure class=\"wp-block-image size-full\"><img loading=\"lazy\" decoding=\"async\" width=\"979\" height=\"993\" src=\"https:\/\/maisonmix.fr\/wp-content\/uploads\/2026\/03\/terre-crue.png\" alt=\"\" class=\"wp-image-269\" srcset=\"https:\/\/maisonmix.fr\/wp-content\/uploads\/2026\/03\/terre-crue.png 979w, https:\/\/maisonmix.fr\/wp-content\/uploads\/2026\/03\/terre-crue-296x300.png 296w, https:\/\/maisonmix.fr\/wp-content\/uploads\/2026\/03\/terre-crue-768x779.png 768w\" sizes=\"auto, (max-width: 979px) 100vw, 979px\" \/><\/figure>\n\n\n\n<p class=\"has-text-align-center has-white-color has-text-color has-link-color has-medium-font-size wp-elements-3ef1c93b2b369591b8cc1075a524b85f\"><strong><strong>Concevoir un syst\u00e8me de refroidissement en terre crue<\/strong><\/strong><\/p>\n\n\n\n<div class=\"wp-block-buttons alignwide is-content-justification-center is-layout-flex wp-container-core-buttons-is-layout-16018d1d wp-block-buttons-is-layout-flex\">\n<div class=\"wp-block-button is-style-outline is-style-outline--4\"><a class=\"wp-block-button__link has-white-color has-text-color has-background has-link-color has-medium-font-size has-custom-font-size wp-element-button\" href=\"https:\/\/maisonmix.fr\/?page_id=295\" style=\"border-top-left-radius:53px;border-top-right-radius:53px;border-bottom-left-radius:53px;border-bottom-right-radius:53px;background-color:#101e01\" target=\"_blank\" rel=\"noreferrer noopener\">EN SAVOIR +<\/a><\/div>\n<\/div>\n<\/div>\n\n\n\n<div class=\"wp-block-column is-layout-flow wp-block-column-is-layout-flow\">\n<figure class=\"wp-block-image size-full\"><img loading=\"lazy\" decoding=\"async\" width=\"981\" height=\"978\" src=\"https:\/\/maisonmix.fr\/wp-content\/uploads\/2026\/03\/textile.png\" alt=\"\" class=\"wp-image-270\" srcset=\"https:\/\/maisonmix.fr\/wp-content\/uploads\/2026\/03\/textile.png 981w, https:\/\/maisonmix.fr\/wp-content\/uploads\/2026\/03\/textile-300x300.png 300w, https:\/\/maisonmix.fr\/wp-content\/uploads\/2026\/03\/textile-150x150.png 150w, https:\/\/maisonmix.fr\/wp-content\/uploads\/2026\/03\/textile-768x766.png 768w\" sizes=\"auto, (max-width: 981px) 100vw, 981px\" \/><\/figure>\n\n\n\n<p class=\"has-text-align-center has-white-color has-text-color has-link-color has-medium-font-size wp-elements-efee10b329445274f6c3e77f9e1dcadc\"><strong><strong>Transformer des textiles usag\u00e9s en mat\u00e9riau<\/strong><\/strong><\/p>\n\n\n\n<div class=\"wp-block-buttons alignwide is-content-justification-center is-layout-flex wp-container-core-buttons-is-layout-16018d1d wp-block-buttons-is-layout-flex\">\n<div class=\"wp-block-button is-style-outline is-style-outline--5\"><a class=\"wp-block-button__link has-white-color has-text-color has-background has-link-color has-medium-font-size has-custom-font-size wp-element-button\" href=\"https:\/\/maisonmix.fr\/?page_id=300\" style=\"border-top-left-radius:53px;border-top-right-radius:53px;border-bottom-left-radius:53px;border-bottom-right-radius:53px;background-color:#101e01\" target=\"_blank\" rel=\"noreferrer noopener\">EN SAVOIR +<\/a><\/div>\n<\/div>\n<\/div>\n\n\n\n<div class=\"wp-block-column is-layout-flow wp-block-column-is-layout-flow\">\n<figure class=\"wp-block-image size-full\"><img loading=\"lazy\" decoding=\"async\" width=\"986\" height=\"991\" src=\"https:\/\/maisonmix.fr\/wp-content\/uploads\/2026\/03\/capteur-eau.png\" alt=\"\" class=\"wp-image-265\" srcset=\"https:\/\/maisonmix.fr\/wp-content\/uploads\/2026\/03\/capteur-eau.png 986w, https:\/\/maisonmix.fr\/wp-content\/uploads\/2026\/03\/capteur-eau-298x300.png 298w, https:\/\/maisonmix.fr\/wp-content\/uploads\/2026\/03\/capteur-eau-150x150.png 150w, https:\/\/maisonmix.fr\/wp-content\/uploads\/2026\/03\/capteur-eau-768x772.png 768w\" sizes=\"auto, (max-width: 986px) 100vw, 986px\" \/><\/figure>\n\n\n\n<p class=\"has-text-align-center has-white-color has-text-color has-link-color has-medium-font-size wp-elements-604072f84ff9444459d28b517f6b78d5\"><strong><strong>Prototyper des capteurs citoyens pour la qualit\u00e9 de l&rsquo;eau<\/strong> <\/strong><\/p>\n\n\n\n<div class=\"wp-block-buttons alignwide is-content-justification-center is-layout-flex wp-container-core-buttons-is-layout-16018d1d wp-block-buttons-is-layout-flex\">\n<div class=\"wp-block-button is-style-outline is-style-outline--6\"><a class=\"wp-block-button__link has-white-color has-text-color has-background has-link-color has-medium-font-size has-custom-font-size wp-element-button\" href=\"https:\/\/maisonmix.fr\/?page_id=302\" style=\"border-top-left-radius:53px;border-top-right-radius:53px;border-bottom-left-radius:53px;border-bottom-right-radius:53px;background-color:#101e01\" target=\"_blank\" rel=\"noreferrer noopener\">EN SAVOIR +<\/a><\/div>\n<\/div>\n<\/div>\n<\/div>\n\n\n\n<p><br><\/p>\n\n\n\n<div style=\"height:100px\" aria-hidden=\"true\" class=\"wp-block-spacer\"><\/div>\n\n\n\n<div class=\"wp-block-buttons alignwide is-content-justification-center is-layout-flex wp-container-core-buttons-is-layout-16018d1d wp-block-buttons-is-layout-flex\">\n<div class=\"wp-block-button is-style-outline is-style-outline--7\"><a class=\"wp-block-button__link has-white-color has-text-color has-background has-link-color has-medium-font-size has-custom-font-size wp-element-button\" href=\"https:\/\/maisonmix.fr\/?page_id=100\" style=\"border-top-left-radius:53px;border-top-right-radius:53px;border-bottom-left-radius:53px;border-bottom-right-radius:53px;background-color:#101e01\">INSCRIPTION<\/a><\/div>\n\n\n\n<div class=\"wp-block-button is-style-outline is-style-outline--8\"><a class=\"wp-block-button__link has-white-color has-text-color has-background has-link-color has-medium-font-size has-custom-font-size wp-element-button\" href=\"https:\/\/maisonmix.fr\/?page_id=101\" style=\"border-top-left-radius:53px;border-top-right-radius:53px;border-bottom-left-radius:53px;border-bottom-right-radius:53px;background-color:#101e01\">CONCEPT<\/a><\/div>\n<\/div>\n\n\n\n<p><\/p>\n","protected":false},"excerpt":{"rendered":"<p>6 ateliers de prototypage pour concevoir ensemble des solutions sobres, reproductibles et open source. Explorer l\u2019autoconsommation de l&rsquo;\u00e9nergie photovolta\u00efque Construire un chauffage solaire en ardoise Adapter un s\u00e9choir \u00e0 aliment pour un balcon Concevoir un syst\u00e8me de refroidissement en terre crue Transformer des textiles usag\u00e9s en mat\u00e9riau Prototyper des capteurs citoyens pour la qualit\u00e9 de [&hellip;]<\/p>\n","protected":false},"author":2,"featured_media":0,"parent":0,"menu_order":0,"comment_status":"closed","ping_status":"closed","template":"","meta":{"ocean_post_layout":"","ocean_both_sidebars_style":"","ocean_both_sidebars_content_width":0,"ocean_both_sidebars_sidebars_width":0,"ocean_sidebar":"","ocean_second_sidebar":"","ocean_disable_margins":"enable","ocean_add_body_class":"","ocean_shortcode_before_top_bar":"","ocean_shortcode_after_top_bar":"","ocean_shortcode_before_header":"","ocean_shortcode_after_header":"","ocean_has_shortcode":"","ocean_shortcode_after_title":"","ocean_shortcode_before_footer_widgets":"","ocean_shortcode_after_footer_widgets":"","ocean_shortcode_before_footer_bottom":"","ocean_shortcode_after_footer_bottom":"","ocean_display_top_bar":"default","ocean_display_header":"default","ocean_header_style":"","ocean_center_header_left_menu":"","ocean_custom_header_template":"","ocean_custom_logo":0,"ocean_custom_retina_logo":0,"ocean_custom_logo_max_width":0,"ocean_custom_logo_tablet_max_width":0,"ocean_custom_logo_mobile_max_width":0,"ocean_custom_logo_max_height":0,"ocean_custom_logo_tablet_max_height":0,"ocean_custom_logo_mobile_max_height":0,"ocean_header_custom_menu":"","ocean_menu_typo_font_family":"","ocean_menu_typo_font_subset":"","ocean_menu_typo_font_size":0,"ocean_menu_typo_font_size_tablet":0,"ocean_menu_typo_font_size_mobile":0,"ocean_menu_typo_font_size_unit":"px","ocean_menu_typo_font_weight":"","ocean_menu_typo_font_weight_tablet":"","ocean_menu_typo_font_weight_mobile":"","ocean_menu_typo_transform":"","ocean_menu_typo_transform_tablet":"","ocean_menu_typo_transform_mobile":"","ocean_menu_typo_line_height":0,"ocean_menu_typo_line_height_tablet":0,"ocean_menu_typo_line_height_mobile":0,"ocean_menu_typo_line_height_unit":"","ocean_menu_typo_spacing":0,"ocean_menu_typo_spacing_tablet":0,"ocean_menu_typo_spacing_mobile":0,"ocean_menu_typo_spacing_unit":"","ocean_menu_link_color":"","ocean_menu_link_color_hover":"","ocean_menu_link_color_active":"","ocean_menu_link_background":"","ocean_menu_link_hover_background":"","ocean_menu_link_active_background":"","ocean_menu_social_links_bg":"","ocean_menu_social_hover_links_bg":"","ocean_menu_social_links_color":"","ocean_menu_social_hover_links_color":"","ocean_disable_title":"default","ocean_disable_heading":"default","ocean_post_title":"","ocean_post_subheading":"","ocean_post_title_style":"","ocean_post_title_background_color":"","ocean_post_title_background":0,"ocean_post_title_bg_image_position":"","ocean_post_title_bg_image_attachment":"","ocean_post_title_bg_image_repeat":"","ocean_post_title_bg_image_size":"","ocean_post_title_height":0,"ocean_post_title_bg_overlay":0.5,"ocean_post_title_bg_overlay_color":"","ocean_disable_breadcrumbs":"default","ocean_breadcrumbs_color":"","ocean_breadcrumbs_separator_color":"","ocean_breadcrumbs_links_color":"","ocean_breadcrumbs_links_hover_color":"","ocean_display_footer_widgets":"default","ocean_display_footer_bottom":"default","ocean_custom_footer_template":"","footnotes":""},"class_list":["post-102","page","type-page","status-publish","hentry","entry"],"_links":{"self":[{"href":"https:\/\/maisonmix.fr\/index.php?rest_route=\/wp\/v2\/pages\/102","targetHints":{"allow":["GET"]}}],"collection":[{"href":"https:\/\/maisonmix.fr\/index.php?rest_route=\/wp\/v2\/pages"}],"about":[{"href":"https:\/\/maisonmix.fr\/index.php?rest_route=\/wp\/v2\/types\/page"}],"author":[{"embeddable":true,"href":"https:\/\/maisonmix.fr\/index.php?rest_route=\/wp\/v2\/users\/2"}],"replies":[{"embeddable":true,"href":"https:\/\/maisonmix.fr\/index.php?rest_route=%2Fwp%2Fv2%2Fcomments&post=102"}],"version-history":[{"count":51,"href":"https:\/\/maisonmix.fr\/index.php?rest_route=\/wp\/v2\/pages\/102\/revisions"}],"predecessor-version":[{"id":348,"href":"https:\/\/maisonmix.fr\/index.php?rest_route=\/wp\/v2\/pages\/102\/revisions\/348"}],"wp:attachment":[{"href":"https:\/\/maisonmix.fr\/index.php?rest_route=%2Fwp%2Fv2%2Fmedia&parent=102"}],"curies":[{"name":"wp","href":"https:\/\/api.w.org\/{rel}","templated":true}]}}