{"id":100,"date":"2026-02-17T15:31:35","date_gmt":"2026-02-17T14:31:35","guid":{"rendered":"https:\/\/maisonmix.fr\/?page_id=100"},"modified":"2026-03-28T13:45:12","modified_gmt":"2026-03-28T12:45:12","slug":"inscription","status":"publish","type":"page","link":"https:\/\/maisonmix.fr\/?page_id=100","title":{"rendered":"Inscription"},"content":{"rendered":"\n<p class=\"has-white-color has-text-color has-link-color has-medium-font-size wp-elements-b4d019b0b78a575bd948612fe5e408a8\"><br>MaisonMix du 9 \u00e0 10 avril 2026 \u00e0 Rennes<br>Repas du midi offert<br>Mat\u00e9riel et \u00e9quipement fourni<\/p>\n\n\n\n<p class=\"has-white-color has-text-color has-link-color has-medium-font-size wp-elements-cf9e00ad618081e70962856f3d28dafc\"><strong>Jeudi 9 avril de 9h \u00e0 18h <\/strong><br>9h00 \u00e0 9h30 : Accueil convivial th\u00e9\/caf\u00e9<br>9h30 \u00e0 12h30 : Phase de conception et de prototypage en \u00e9quipe<br>12h30 \u00e0 13h30 : d\u00e9jeuner offert par l&rsquo;IMT <br>13h30 \u00e0 18h00 : Phase de conception et de prototypage en \u00e9quipe<\/p>\n\n\n\n<p class=\"has-white-color has-text-color has-link-color has-medium-font-size wp-elements-132e6d2f38577e526dbfa3881cfe42f3\"><strong>Vendredi 10 avril de 9h30 \u00e0 19h <\/strong><br>9h30 \u00e0 10h00 : Accueil convivial th\u00e9\/caf\u00e9 <br>10h00 \u00e0 12h30 : Phase de conception et de prototypage en \u00e9quipe<br>12h30 \u00e0 13h30 : d\u00e9jeuner offert par l&rsquo;IMT <br>13h30 \u00e0 18h00 : Phase de prototypage et de documentation en \u00e9quipe<br>18h00 \u00e0 19h00 : Restitution collective avec un moment convivial offert par l&rsquo;IMT<br><\/p>\n\n\n\n<div style=\"height:45px\" aria-hidden=\"true\" class=\"wp-block-spacer\"><\/div>\n\n\n\n<p class=\"has-text-align-center has-white-color has-text-color has-link-color has-x-large-font-size wp-elements-7e564c13be66cc232682041f012d15fb\">LES INSCRIPTIONS SONT FERM\u00c9ES.<\/p>\n\n\n\n<div style=\"height:45px\" aria-hidden=\"true\" class=\"wp-block-spacer\"><\/div>\n\n\n\n<div class=\"wp-block-buttons alignwide is-content-justification-center is-layout-flex wp-container-core-buttons-is-layout-16018d1d wp-block-buttons-is-layout-flex\">\n<div class=\"wp-block-button is-style-outline is-style-outline--1\"><a class=\"wp-block-button__link has-white-color has-text-color has-background has-link-color has-medium-font-size has-custom-font-size wp-element-button\" href=\"https:\/\/maisonmix.fr\/?page_id=101\" style=\"border-top-left-radius:53px;border-top-right-radius:53px;border-bottom-left-radius:53px;border-bottom-right-radius:53px;background-color:#101e01\">CONCEPT<\/a><\/div>\n\n\n\n<div class=\"wp-block-button is-style-outline is-style-outline--2\"><a class=\"wp-block-button__link has-white-color has-text-color has-background has-link-color has-medium-font-size has-custom-font-size wp-element-button\" href=\"https:\/\/maisonmix.fr\/?page_id=102\" style=\"border-top-left-radius:53px;border-top-right-radius:53px;border-bottom-left-radius:53px;border-bottom-right-radius:53px;background-color:#101e01\">ATELIERS<\/a><\/div>\n<\/div>\n\n\n\n<p class=\"has-white-color has-text-color has-link-color has-large-font-size wp-elements-38d4b8d730ebaa79cbf636424e272b34\"><\/p>\n\n\n\n<p><\/p>\n","protected":false},"excerpt":{"rendered":"<p>MaisonMix du 9 \u00e0 10 avril 2026 \u00e0 RennesRepas du midi offertMat\u00e9riel et \u00e9quipement fourni Jeudi 9 avril de 9h \u00e0 18h 9h00 \u00e0 9h30 : Accueil convivial th\u00e9\/caf\u00e99h30 \u00e0 12h30 : Phase de conception et de prototypage en \u00e9quipe12h30 \u00e0 13h30 : d\u00e9jeuner offert par l&rsquo;IMT 13h30 \u00e0 18h00 : Phase de conception et [&hellip;]<\/p>\n","protected":false},"author":2,"featured_media":0,"parent":0,"menu_order":0,"comment_status":"closed","ping_status":"closed","template":"","meta":{"ocean_post_layout":"","ocean_both_sidebars_style":"","ocean_both_sidebars_content_width":0,"ocean_both_sidebars_sidebars_width":0,"ocean_sidebar":"","ocean_second_sidebar":"","ocean_disable_margins":"enable","ocean_add_body_class":"","ocean_shortcode_before_top_bar":"","ocean_shortcode_after_top_bar":"","ocean_shortcode_before_header":"","ocean_shortcode_after_header":"","ocean_has_shortcode":"","ocean_shortcode_after_title":"","ocean_shortcode_before_footer_widgets":"","ocean_shortcode_after_footer_widgets":"","ocean_shortcode_before_footer_bottom":"","ocean_shortcode_after_footer_bottom":"","ocean_display_top_bar":"default","ocean_display_header":"default","ocean_header_style":"","ocean_center_header_left_menu":"","ocean_custom_header_template":"","ocean_custom_logo":0,"ocean_custom_retina_logo":0,"ocean_custom_logo_max_width":0,"ocean_custom_logo_tablet_max_width":0,"ocean_custom_logo_mobile_max_width":0,"ocean_custom_logo_max_height":0,"ocean_custom_logo_tablet_max_height":0,"ocean_custom_logo_mobile_max_height":0,"ocean_header_custom_menu":"","ocean_menu_typo_font_family":"","ocean_menu_typo_font_subset":"","ocean_menu_typo_font_size":0,"ocean_menu_typo_font_size_tablet":0,"ocean_menu_typo_font_size_mobile":0,"ocean_menu_typo_font_size_unit":"px","ocean_menu_typo_font_weight":"","ocean_menu_typo_font_weight_tablet":"","ocean_menu_typo_font_weight_mobile":"","ocean_menu_typo_transform":"","ocean_menu_typo_transform_tablet":"","ocean_menu_typo_transform_mobile":"","ocean_menu_typo_line_height":0,"ocean_menu_typo_line_height_tablet":0,"ocean_menu_typo_line_height_mobile":0,"ocean_menu_typo_line_height_unit":"","ocean_menu_typo_spacing":0,"ocean_menu_typo_spacing_tablet":0,"ocean_menu_typo_spacing_mobile":0,"ocean_menu_typo_spacing_unit":"","ocean_menu_link_color":"","ocean_menu_link_color_hover":"","ocean_menu_link_color_active":"","ocean_menu_link_background":"","ocean_menu_link_hover_background":"","ocean_menu_link_active_background":"","ocean_menu_social_links_bg":"","ocean_menu_social_hover_links_bg":"","ocean_menu_social_links_color":"","ocean_menu_social_hover_links_color":"","ocean_disable_title":"default","ocean_disable_heading":"default","ocean_post_title":"","ocean_post_subheading":"","ocean_post_title_style":"","ocean_post_title_background_color":"","ocean_post_title_background":0,"ocean_post_title_bg_image_position":"","ocean_post_title_bg_image_attachment":"","ocean_post_title_bg_image_repeat":"","ocean_post_title_bg_image_size":"","ocean_post_title_height":0,"ocean_post_title_bg_overlay":0.5,"ocean_post_title_bg_overlay_color":"","ocean_disable_breadcrumbs":"default","ocean_breadcrumbs_color":"","ocean_breadcrumbs_separator_color":"","ocean_breadcrumbs_links_color":"","ocean_breadcrumbs_links_hover_color":"","ocean_display_footer_widgets":"default","ocean_display_footer_bottom":"default","ocean_custom_footer_template":"","footnotes":""},"class_list":["post-100","page","type-page","status-publish","hentry","entry"],"_links":{"self":[{"href":"https:\/\/maisonmix.fr\/index.php?rest_route=\/wp\/v2\/pages\/100","targetHints":{"allow":["GET"]}}],"collection":[{"href":"https:\/\/maisonmix.fr\/index.php?rest_route=\/wp\/v2\/pages"}],"about":[{"href":"https:\/\/maisonmix.fr\/index.php?rest_route=\/wp\/v2\/types\/page"}],"author":[{"embeddable":true,"href":"https:\/\/maisonmix.fr\/index.php?rest_route=\/wp\/v2\/users\/2"}],"replies":[{"embeddable":true,"href":"https:\/\/maisonmix.fr\/index.php?rest_route=%2Fwp%2Fv2%2Fcomments&post=100"}],"version-history":[{"count":21,"href":"https:\/\/maisonmix.fr\/index.php?rest_route=\/wp\/v2\/pages\/100\/revisions"}],"predecessor-version":[{"id":365,"href":"https:\/\/maisonmix.fr\/index.php?rest_route=\/wp\/v2\/pages\/100\/revisions\/365"}],"wp:attachment":[{"href":"https:\/\/maisonmix.fr\/index.php?rest_route=%2Fwp%2Fv2%2Fmedia&parent=100"}],"curies":[{"name":"wp","href":"https:\/\/api.w.org\/{rel}","templated":true}]}}